{"id":84,"date":"2025-11-25T18:14:31","date_gmt":"2025-11-25T18:14:31","guid":{"rendered":"https:\/\/desejoproibido.online\/?post_type=product&#038;p=84"},"modified":"2025-12-01T13:21:39","modified_gmt":"2025-12-01T13:21:39","slug":"pacote-elite-250-creditos","status":"publish","type":"product","link":"https:\/\/desejoproibido.online\/en\/product\/pacote-elite-250-creditos\/","title":{"rendered":"Pacote Elite \u2014 250 Cr\u00e9ditos"},"content":{"rendered":"<h2>Uma Experi\u00eancia Sem Igual<\/h2>\n<p>Descubra o poder do nosso Pacote Premium Exclusivo, desenvolvido especialmente para usu\u00e1rios que desejam aproveitar todo o potencial de nossos servi\u00e7os. Este pacote oferece uma combina\u00e7\u00e3o perfeita de economia e exclusividade, proporcionando grandes descontos por cr\u00e9dito e vantagens que elevam sua experi\u00eancia a um novo patamar. Seja voc\u00ea um usu\u00e1rio regular ou um cliente em busca de algo especial, este pacote est\u00e1 pronto para exceder suas expectativas.<\/p>\n<h2>Prioridade Que Voc\u00ea Merece<\/h2>\n<p>Com atendimento priorit\u00e1rio inclu\u00eddo, garantimos que voc\u00ea ter\u00e1 suporte \u00e1gil e dedicado sempre que precisar. N\u00f3s compreendemos a import\u00e2ncia de um servi\u00e7o eficiente e personalizado, e esse \u00e9 um dos diferenciais que fazem do Pacote Premium Exclusivo uma escolha superior. Nossa equipe est\u00e1 focada em atender suas necessidades r\u00e1pidamente, para que voc\u00ea possa aproveitar cada benef\u00edcio sem preocupa\u00e7\u00f5es.<\/p>\n<h2>Itens Exclusivos para Uma Experi\u00eancia \u00danica<\/h2>\n<p>Al\u00e9m dos descontos e do atendimento priorit\u00e1rio, o Pacote Premium oferece acesso a itens exclusivos que n\u00e3o est\u00e3o dispon\u00edveis em planos convencionais. Esses itens foram cuidadosamente selecionados para agregar valor e proporcionar uma jornada personalizada e repleta de benef\u00edcios adicionais. Esteja preparado para vivenciar funcionalidades e vantagens exclusivas que far\u00e3o com que voc\u00ea aproveite ainda mais nossos servi\u00e7os.<\/p>\n<p>Seja r\u00e1pido e garanta sua ades\u00e3o ao Pacote Premium Exclusivo hoje mesmo! Uma oportunidade \u00fanica para otimizar sua experi\u00eancia com m\u00e1xima economia e exclusividade.<\/p>","protected":false},"excerpt":{"rendered":"<p>Uma Experi\u00eancia Sem Igual Descubra o poder do nosso Pacote Premium Exclusivo, desenvolvido especialmente para usu\u00e1rios que desejam aproveitar todo o potencial de nossos servi\u00e7os. Este pacote oferece uma combina\u00e7\u00e3o perfeita de economia e exclusividade, proporcionando grandes descontos por cr\u00e9dito e vantagens que elevam sua experi\u00eancia a um novo patamar. Seja voc\u00ea um usu\u00e1rio regular [&hellip;]<\/p>","protected":false},"featured_media":298,"comment_status":"open","ping_status":"closed","template":"","meta":[],"product_brand":[],"product_cat":[15],"product_tag":[],"class_list":{"0":"post-84","1":"product","2":"type-product","3":"status-publish","4":"has-post-thumbnail","6":"product_cat-uncategorized","8":"first","9":"instock","10":"shipping-taxable","11":"purchasable","12":"product-type-simple"},"aioseo_notices":[],"_links":{"self":[{"href":"https:\/\/desejoproibido.online\/en\/wp-json\/wp\/v2\/product\/84","targetHints":{"allow":["GET"]}}],"collection":[{"href":"https:\/\/desejoproibido.online\/en\/wp-json\/wp\/v2\/product"}],"about":[{"href":"https:\/\/desejoproibido.online\/en\/wp-json\/wp\/v2\/types\/product"}],"replies":[{"embeddable":true,"href":"https:\/\/desejoproibido.online\/en\/wp-json\/wp\/v2\/comments?post=84"}],"wp:featuredmedia":[{"embeddable":true,"href":"https:\/\/desejoproibido.online\/en\/wp-json\/wp\/v2\/media\/298"}],"wp:attachment":[{"href":"https:\/\/desejoproibido.online\/en\/wp-json\/wp\/v2\/media?parent=84"}],"wp:term":[{"taxonomy":"product_brand","embeddable":true,"href":"https:\/\/desejoproibido.online\/en\/wp-json\/wp\/v2\/product_brand?post=84"},{"taxonomy":"product_cat","embeddable":true,"href":"https:\/\/desejoproibido.online\/en\/wp-json\/wp\/v2\/product_cat?post=84"},{"taxonomy":"product_tag","embeddable":true,"href":"https:\/\/desejoproibido.online\/en\/wp-json\/wp\/v2\/product_tag?post=84"}],"curies":[{"name":"wp","href":"https:\/\/api.w.org\/{rel}","templated":true}]}}