{"id":83,"date":"2025-11-25T18:13:12","date_gmt":"2025-11-25T18:13:12","guid":{"rendered":"https:\/\/desejoproibido.online\/?post_type=product&#038;p=83"},"modified":"2025-12-09T17:07:43","modified_gmt":"2025-12-09T17:07:43","slug":"vip-mensal-60-creditos-bonus-assinatura","status":"publish","type":"product","link":"https:\/\/desejoproibido.online\/en\/product\/vip-mensal-60-creditos-bonus-assinatura\/","title":{"rendered":"VIP Mensal \u2014 60 Cr\u00e9ditos + b\u00f4nus (Assinatura)"},"content":{"rendered":"<h2><span dir=\"auto\" style=\"vertical-align: inherit;\">Aprimore sua experi\u00eancia com cr\u00e9ditos mensais.<\/span><\/h2>\n<p><span dir=\"auto\" style=\"vertical-align: inherit;\">Imagine ter um fluxo constante de cr\u00e9ditos, que lhe d\u00e1 acesso a recursos e benef\u00edcios premium, tudo com a conveni\u00eancia de uma assinatura mensal. Nossa Assinatura Mensal de Cr\u00e9ditos oferece exatamente isso: uma experi\u00eancia perfeita e gratificante, criada para aprimorar seu engajamento e desbloquear novas possibilidades.<\/span><\/p>\n<h2><span dir=\"auto\" style=\"vertical-align: inherit;\">O que voc\u00ea recebe com sua assinatura<\/span><\/h2>\n<p><span dir=\"auto\" style=\"vertical-align: inherit;\">Com a nossa Assinatura de Cr\u00e9ditos Mensais, voc\u00ea receber\u00e1 60 cr\u00e9ditos diretamente na sua conta todos os meses. Como um presente especial de boas-vindas, voc\u00ea tamb\u00e9m ganhar\u00e1 um b\u00f4nus de 10 cr\u00e9ditos extras no seu primeiro pagamento. E n\u00e3o \u00e9 s\u00f3 isso: os assinantes t\u00eam acesso antecipado a novos recursos, atualiza\u00e7\u00f5es e conte\u00fado exclusivo, garantindo que voc\u00ea esteja sempre um passo \u00e0 frente. Al\u00e9m disso, quando precisar de ajuda, voc\u00ea receber\u00e1 suporte priorit\u00e1rio ao cliente, com solu\u00e7\u00f5es r\u00e1pidas e eficazes para qualquer d\u00favida. E o melhor de tudo? Voc\u00ea tem a liberdade de cancelar sua assinatura a qualquer momento, o que lhe d\u00e1 total controle e flexibilidade.<\/span><\/p>\n<h2><span dir=\"auto\" style=\"vertical-align: inherit;\">Desbloqueie um mundo de possibilidades<\/span><\/h2>\n<p><span dir=\"auto\" style=\"vertical-align: inherit;\">Nosso sistema de cr\u00e9ditos mensais oferece um m\u00e9todo de pagamento flex\u00edvel que pode ser adaptado \u00e0s suas necessidades. Os cr\u00e9ditos podem ser usados \u200b\u200bpara acessar uma ampla gama de recursos premium, aumentando a efici\u00eancia do seu trabalho e muito mais. Esta assinatura foi criada para que voc\u00ea tenha mais poder e acessibilidade dentro da nossa plataforma. Comece a aproveitar imediatamente os benef\u00edcios com acesso a ofertas exclusivas que s\u00f3 nossos assinantes podem usar. As vantagens da sua assinatura come\u00e7am no momento em que voc\u00ea se inscreve. N\u00e3o perca esta oportunidade de aprimorar sua experi\u00eancia. Assine agora e comece a desbloquear um mundo de possibilidades!<\/span><\/p>","protected":false},"excerpt":{"rendered":"<p>Aprimore sua experi\u00eancia com cr\u00e9ditos mensais. Imagine ter um fluxo constante de cr\u00e9ditos, que lhe d\u00e1 acesso a recursos e benef\u00edcios premium, tudo com a conveni\u00eancia de uma assinatura mensal. Nossa Assinatura Mensal de Cr\u00e9ditos oferece exatamente isso: uma experi\u00eancia perfeita e gratificante, criada para aprimorar seu engajamento e desbloquear novas possibilidades. O que voc\u00ea [&hellip;]<\/p>","protected":false},"featured_media":406,"comment_status":"open","ping_status":"closed","template":"","meta":[],"product_brand":[],"product_cat":[15],"product_tag":[],"class_list":{"0":"post-83","1":"product","2":"type-product","3":"status-publish","4":"has-post-thumbnail","6":"product_cat-uncategorized","8":"first","9":"instock","10":"shipping-taxable","11":"purchasable","12":"product-type-simple"},"aioseo_notices":[],"_links":{"self":[{"href":"https:\/\/desejoproibido.online\/en\/wp-json\/wp\/v2\/product\/83","targetHints":{"allow":["GET"]}}],"collection":[{"href":"https:\/\/desejoproibido.online\/en\/wp-json\/wp\/v2\/product"}],"about":[{"href":"https:\/\/desejoproibido.online\/en\/wp-json\/wp\/v2\/types\/product"}],"replies":[{"embeddable":true,"href":"https:\/\/desejoproibido.online\/en\/wp-json\/wp\/v2\/comments?post=83"}],"wp:featuredmedia":[{"embeddable":true,"href":"https:\/\/desejoproibido.online\/en\/wp-json\/wp\/v2\/media\/406"}],"wp:attachment":[{"href":"https:\/\/desejoproibido.online\/en\/wp-json\/wp\/v2\/media?parent=83"}],"wp:term":[{"taxonomy":"product_brand","embeddable":true,"href":"https:\/\/desejoproibido.online\/en\/wp-json\/wp\/v2\/product_brand?post=83"},{"taxonomy":"product_cat","embeddable":true,"href":"https:\/\/desejoproibido.online\/en\/wp-json\/wp\/v2\/product_cat?post=83"},{"taxonomy":"product_tag","embeddable":true,"href":"https:\/\/desejoproibido.online\/en\/wp-json\/wp\/v2\/product_tag?post=83"}],"curies":[{"name":"wp","href":"https:\/\/api.w.org\/{rel}","templated":true}]}}