{"id":82,"date":"2025-11-25T18:10:53","date_gmt":"2025-11-25T18:10:53","guid":{"rendered":"https:\/\/desejoproibido.online\/?post_type=product&#038;p=82"},"modified":"2025-12-01T13:21:52","modified_gmt":"2025-12-01T13:21:52","slug":"obsessao-100-creditos","status":"publish","type":"product","link":"https:\/\/desejoproibido.online\/en\/product\/obsessao-100-creditos\/","title":{"rendered":"Obsess\u00e3o \u2014 100 Cr\u00e9ditos"},"content":{"rendered":"<h2>Experimente a Liberdade Absoluta no Desejo Proibido<\/h2>\n<p>Descubra uma oportunidade exclusiva de melhorar sua experi\u00eancia no Desejo Proibido com nossa oferta de 100 cr\u00e9ditos com pre\u00e7o por cr\u00e9dito reduzido. Desenvolvemos essa solu\u00e7\u00e3o pensando em voc\u00ea, que busca maximizar seus benef\u00edcios e aproveitar ao m\u00e1ximo cada campanha. Com esta oferta, voc\u00ea desfrutar\u00e1 do equil\u00edbrio perfeito entre valor e conveni\u00eancia, se destacando em todas as suas intera\u00e7\u00f5es na plataforma.<\/p>\n<h2>Por Que Optar por 100 Cr\u00e9ditos com Pre\u00e7o Reduzido?<\/h2>\n<p>Cada cr\u00e9dito desta oferta vem com um custo otimizado para ajudar voc\u00ea a economizar sem comprometer a qualidade ou possibilidades. Al\u00e9m da economia, voc\u00ea ter\u00e1 acesso a um atraente b\u00f4nus de boas-vindas, garantindo que voc\u00ea j\u00e1 comece suas campanhas na plataforma Desejo Proibido com vantagens extras. Isso transforma cada investimento em cr\u00e9ditos em uma oportunidade para maximizar seus resultados. Esse pacote foi cuidadosamente criado para oferecer liberdade e flexibilidade enquanto satisfaz todas as necessidades de usu\u00e1rios dedicados.<\/p>\n<h2>Aproveite Benef\u00edcios Exclusivos<\/h2>\n<p>Optar por este pacote de 100 cr\u00e9ditos n\u00e3o \u00e9 apenas uma escolha, mas um passo rumo ao sucesso nas campanhas do Desejo Proibido. A inclus\u00e3o de um b\u00f4nus de boas-vindas amplifica o valor desta oferta, permitindo que voc\u00ea experimente um in\u00edcio mais promissor e impactante. Seja para campanhas pessoais ou profissionais, voc\u00ea ter\u00e1 \u00e0 disposi\u00e7\u00e3o todas as ferramentas necess\u00e1rias para alcan\u00e7ar seus objetivos com tranquilidade.<\/p>\n<p>A liberdade de escolher como e onde usar seus cr\u00e9ditos nunca foi t\u00e3o acess\u00edvel. Com pre\u00e7o reduzido e vantagens adicionais, essa oferta \u00e9 ideal para aqueles que procuram resultados superiores sem precisar de gastos excessivos. Aproveite agora e avance no Desejo Proibido com confian\u00e7a e praticidade.<\/p>","protected":false},"excerpt":{"rendered":"<p>Experimente a Liberdade Absoluta no Desejo Proibido Descubra uma oportunidade exclusiva de melhorar sua experi\u00eancia no Desejo Proibido com nossa oferta de 100 cr\u00e9ditos com pre\u00e7o por cr\u00e9dito reduzido. Desenvolvemos essa solu\u00e7\u00e3o pensando em voc\u00ea, que busca maximizar seus benef\u00edcios e aproveitar ao m\u00e1ximo cada campanha. Com esta oferta, voc\u00ea desfrutar\u00e1 do equil\u00edbrio perfeito entre [&hellip;]<\/p>","protected":false},"featured_media":289,"comment_status":"open","ping_status":"closed","template":"","meta":[],"product_brand":[],"product_cat":[15],"product_tag":[],"class_list":{"0":"post-82","1":"product","2":"type-product","3":"status-publish","4":"has-post-thumbnail","6":"product_cat-uncategorized","8":"first","9":"instock","10":"shipping-taxable","11":"purchasable","12":"product-type-simple"},"aioseo_notices":[],"_links":{"self":[{"href":"https:\/\/desejoproibido.online\/en\/wp-json\/wp\/v2\/product\/82","targetHints":{"allow":["GET"]}}],"collection":[{"href":"https:\/\/desejoproibido.online\/en\/wp-json\/wp\/v2\/product"}],"about":[{"href":"https:\/\/desejoproibido.online\/en\/wp-json\/wp\/v2\/types\/product"}],"replies":[{"embeddable":true,"href":"https:\/\/desejoproibido.online\/en\/wp-json\/wp\/v2\/comments?post=82"}],"wp:featuredmedia":[{"embeddable":true,"href":"https:\/\/desejoproibido.online\/en\/wp-json\/wp\/v2\/media\/289"}],"wp:attachment":[{"href":"https:\/\/desejoproibido.online\/en\/wp-json\/wp\/v2\/media?parent=82"}],"wp:term":[{"taxonomy":"product_brand","embeddable":true,"href":"https:\/\/desejoproibido.online\/en\/wp-json\/wp\/v2\/product_brand?post=82"},{"taxonomy":"product_cat","embeddable":true,"href":"https:\/\/desejoproibido.online\/en\/wp-json\/wp\/v2\/product_cat?post=82"},{"taxonomy":"product_tag","embeddable":true,"href":"https:\/\/desejoproibido.online\/en\/wp-json\/wp\/v2\/product_tag?post=82"}],"curies":[{"name":"wp","href":"https:\/\/api.w.org\/{rel}","templated":true}]}}