{"id":79,"date":"2025-11-25T18:07:00","date_gmt":"2025-11-25T18:07:00","guid":{"rendered":"https:\/\/desejoproibido.online\/?post_type=product&#038;p=79"},"modified":"2025-12-09T16:53:41","modified_gmt":"2025-12-09T16:53:41","slug":"sussurro-10-creditos","status":"publish","type":"product","link":"https:\/\/desejoproibido.online\/en\/product\/sussurro-10-creditos\/","title":{"rendered":"Sussurro \u2014 10 Cr\u00e9ditos"},"content":{"rendered":"<h2>Por Que Escolher o Pacote de 10 Cr\u00e9ditos?<\/h2>\n<p>Descubra uma maneira mais flex\u00edvel e econ\u00f4mica de aproveitar as suas atividades favoritas com nosso Pacote de 10 Cr\u00e9ditos. Ideal para quem prefere explorar com tranquilidade, esse pacote oferece a liberdade de planejar experi\u00eancias no seu ritmo enquanto desfruta de descontos exclusivos por volume. Seja para uso pr\u00f3prio ou para presentear algu\u00e9m especial, essa \u00e9 a escolha perfeita para otimizar o seu tempo e or\u00e7amento.<\/p>\n<h2>Benef\u00edcios Exclusivos para Voc\u00ea<\/h2>\n<p>Os 10 cr\u00e9ditos do pacote foram projetados pensando na sua conveni\u00eancia e satisfa\u00e7\u00e3o. Aqui est\u00e3o as principais vantagens:<\/p>\n<p>&#8211; **Economia**: Aproveite descontos exclusivos que tornam cada cr\u00e9dito ainda mais valioso; quanto maior o volume, melhor o pre\u00e7o.<\/p>\n<p>&#8211; **Flexibilidade**: Use os cr\u00e9ditos da maneira que preferir, sem restri\u00e7\u00f5es r\u00edgidas, garantindo uma experi\u00eancia personalizada.<\/p>\n<p>&#8211; **Op\u00e7\u00e3o de Presente**: Com a possibilidade de presentear pessoas queridas, \u00e9 uma maneira pr\u00e1tica e carinhosa de proporcionar momentos inesquec\u00edveis.<\/p>\n<h2>Como Funciona<\/h2>\n<p>Adquirir o Pacote de 10 Cr\u00e9ditos \u00e9 simples e vantajoso. Ap\u00f3s a compra, voc\u00ea ter\u00e1 acesso imediato aos cr\u00e9ditos para us\u00e1-los da maneira que desejar. Caso decida presentear, os cr\u00e9ditos podem ser transferidos facilmente para outra pessoa, tornando a experi\u00eancia de compra ainda mais conveniente. Assim, voc\u00ea tem sempre uma solu\u00e7\u00e3o pronta para suas necessidades ou para surpreender quem voc\u00ea gosta.<\/p>\n<p>Transforme o modo como voc\u00ea planeja e aproveita suas atividades. Invista no Pacote de 10 Cr\u00e9ditos e descubra uma nova forma de explorar com mais calma e liberdade de escolha.<\/p>","protected":false},"excerpt":{"rendered":"<p>Por Que Escolher o Pacote de 10 Cr\u00e9ditos? Descubra uma maneira mais flex\u00edvel e econ\u00f4mica de aproveitar as suas atividades favoritas com nosso Pacote de 10 Cr\u00e9ditos. Ideal para quem prefere explorar com tranquilidade, esse pacote oferece a liberdade de planejar experi\u00eancias no seu ritmo enquanto desfruta de descontos exclusivos por volume. Seja para uso [&hellip;]<\/p>","protected":false},"featured_media":396,"comment_status":"open","ping_status":"closed","template":"","meta":[],"product_brand":[],"product_cat":[15],"product_tag":[],"class_list":{"0":"post-79","1":"product","2":"type-product","3":"status-publish","4":"has-post-thumbnail","6":"product_cat-uncategorized","8":"first","9":"instock","10":"shipping-taxable","11":"purchasable","12":"product-type-simple"},"aioseo_notices":[],"_links":{"self":[{"href":"https:\/\/desejoproibido.online\/en\/wp-json\/wp\/v2\/product\/79","targetHints":{"allow":["GET"]}}],"collection":[{"href":"https:\/\/desejoproibido.online\/en\/wp-json\/wp\/v2\/product"}],"about":[{"href":"https:\/\/desejoproibido.online\/en\/wp-json\/wp\/v2\/types\/product"}],"replies":[{"embeddable":true,"href":"https:\/\/desejoproibido.online\/en\/wp-json\/wp\/v2\/comments?post=79"}],"wp:featuredmedia":[{"embeddable":true,"href":"https:\/\/desejoproibido.online\/en\/wp-json\/wp\/v2\/media\/396"}],"wp:attachment":[{"href":"https:\/\/desejoproibido.online\/en\/wp-json\/wp\/v2\/media?parent=79"}],"wp:term":[{"taxonomy":"product_brand","embeddable":true,"href":"https:\/\/desejoproibido.online\/en\/wp-json\/wp\/v2\/product_brand?post=79"},{"taxonomy":"product_cat","embeddable":true,"href":"https:\/\/desejoproibido.online\/en\/wp-json\/wp\/v2\/product_cat?post=79"},{"taxonomy":"product_tag","embeddable":true,"href":"https:\/\/desejoproibido.online\/en\/wp-json\/wp\/v2\/product_tag?post=79"}],"curies":[{"name":"wp","href":"https:\/\/api.w.org\/{rel}","templated":true}]}}