{"id":78,"date":"2025-11-25T18:05:54","date_gmt":"2025-11-25T18:05:54","guid":{"rendered":"https:\/\/desejoproibido.online\/?post_type=product&#038;p=78"},"modified":"2025-12-01T13:21:31","modified_gmt":"2025-12-01T13:21:31","slug":"mini-toque-5-creditos","status":"publish","type":"product","link":"https:\/\/desejoproibido.online\/en\/product\/mini-toque-5-creditos\/","title":{"rendered":"Mini Toque \u2014 5 Cr\u00e9ditos"},"content":{"rendered":"<h2>Experimente o Universo de Desejo Proibido<\/h2>\n<p>Com os 5 cr\u00e9ditos iniciais, voc\u00ea ter\u00e1 a oportunidade perfeita para explorar a plataforma Em Desejo Proibido. Seja para desbloquear pequenas experi\u00eancias \u00fanicas ou para testar os nossos servi\u00e7os, este pacote foi criado especialmente pensando nos novos usu\u00e1rios. Se voc\u00ea est\u00e1 curioso ou deseja experimentar algo exclusivo, este \u00e9 o ponto de partida ideal.<\/p>","protected":false},"excerpt":{"rendered":"<p>Experimente o Universo de Desejo Proibido Com os 5 cr\u00e9ditos iniciais, voc\u00ea ter\u00e1 a oportunidade perfeita para explorar a plataforma Em Desejo Proibido. Seja para desbloquear pequenas experi\u00eancias \u00fanicas ou para testar os nossos servi\u00e7os, este pacote foi criado especialmente pensando nos novos usu\u00e1rios. Se voc\u00ea est\u00e1 curioso ou deseja experimentar algo exclusivo, este \u00e9 [&hellip;]<\/p>","protected":false},"featured_media":205,"comment_status":"open","ping_status":"closed","template":"","meta":[],"product_brand":[],"product_cat":[15],"product_tag":[],"class_list":{"0":"post-78","1":"product","2":"type-product","3":"status-publish","4":"has-post-thumbnail","6":"product_cat-uncategorized","8":"first","9":"instock","10":"shipping-taxable","11":"purchasable","12":"product-type-simple"},"aioseo_notices":[],"_links":{"self":[{"href":"https:\/\/desejoproibido.online\/en\/wp-json\/wp\/v2\/product\/78","targetHints":{"allow":["GET"]}}],"collection":[{"href":"https:\/\/desejoproibido.online\/en\/wp-json\/wp\/v2\/product"}],"about":[{"href":"https:\/\/desejoproibido.online\/en\/wp-json\/wp\/v2\/types\/product"}],"replies":[{"embeddable":true,"href":"https:\/\/desejoproibido.online\/en\/wp-json\/wp\/v2\/comments?post=78"}],"wp:featuredmedia":[{"embeddable":true,"href":"https:\/\/desejoproibido.online\/en\/wp-json\/wp\/v2\/media\/205"}],"wp:attachment":[{"href":"https:\/\/desejoproibido.online\/en\/wp-json\/wp\/v2\/media?parent=78"}],"wp:term":[{"taxonomy":"product_brand","embeddable":true,"href":"https:\/\/desejoproibido.online\/en\/wp-json\/wp\/v2\/product_brand?post=78"},{"taxonomy":"product_cat","embeddable":true,"href":"https:\/\/desejoproibido.online\/en\/wp-json\/wp\/v2\/product_cat?post=78"},{"taxonomy":"product_tag","embeddable":true,"href":"https:\/\/desejoproibido.online\/en\/wp-json\/wp\/v2\/product_tag?post=78"}],"curies":[{"name":"wp","href":"https:\/\/api.w.org\/{rel}","templated":true}]}}